{"id":663,"date":"2020-04-26T21:09:26","date_gmt":"2020-04-26T21:09:26","guid":{"rendered":"http:\/\/cov19.local\/?page_id=72"},"modified":"2025-11-03T15:35:42","modified_gmt":"2025-11-03T14:35:42","slug":"faq","status":"publish","type":"page","link":"https:\/\/osteopathe-in-paris.com\/index.php\/faq\/","title":{"rendered":"Pourquoi Consulter"},"content":{"rendered":"<p><head><!-- Google Tag Manager --><br \/>\n<script>(function(w,d,s,l,i){w[l]=w[l]||[];w[l].push({'gtm.start':\nnew Date().getTime(),event:'gtm.js'});var f=d.getElementsByTagName(s)[0],\nj=d.createElement(s),dl=l!='dataLayer'?'&l='+l:'';j.async=true;j.src=\n'https:\/\/www.googletagmanager.com\/gtm.js?id='+i+dl;f.parentNode.insertBefore(j,f);\n})(window,document,'script','dataLayer','GTM-TJ4KZQFC');<\/script><br \/>\n<!-- End Google Tag Manager --><\/head><br \/>\n<body><!-- Google Tag Manager (noscript) --><br \/>\n<noscript><iframe src=\"https:\/\/www.googletagmanager.com\/ns.html?id=GTM-TJ4KZQFC\"\nheight=\"0\" width=\"0\" style=\"display:none;visibility:hidden\"><\/iframe><\/noscript><br \/>\n<!-- End Google Tag Manager (noscript) --><\/body><br \/>\n<!-- Google tag (gtag.js) --><br \/>\n<script async src=\"https:\/\/www.googletagmanager.com\/gtag\/js?id=AW-17685763551\"><\/script><br \/>\n<script>\n  window.dataLayer = window.dataLayer || [];\n  function gtag(){dataLayer.push(arguments);}\n  gtag('js', new Date());<\/p>\n<p>  gtag('config', 'AW-17685763551');\n<\/script><br \/>\n<div class=\"vc_row wpb_row vc_row-fluid mobile-tb-spacing\" style=\"position:relative\"><div class=\"wpb_column vc_column_container vc_col-sm-12\" style=\"position:relative\"><div class=\"vc_column-inner\"><div class=\"wpb_wrapper\"><div class=\"imi-spacer \" id=\"imi-spacer-69d6d824deb05\" data-spacer-id=\"imi-spacer-69d6d824deb05\" data-spacer-lg=\"113px\" data-spacer-md=\"113px\" data-spacer-sm=\"83px\" data-spacer-xs=\"63px\"><\/div><h2 style=\"color: #21596c;text-align: center\" class=\"vc_custom_heading vc_custom_1607729420963\" >Pourquoi consulter ?<\/h2><p style=\"text-align: center\" class=\"vc_custom_heading vc_custom_1761651475408\" >L\u2019ost\u00e9opathie vous aide \u00e0 r\u00e9duire vos douleurs et \u00e0 augmenter votre mobilit\u00e9 afin d'am\u00e9liorer votre sant\u00e9<br \/>\nAccordez vous une solution \u00e0 vos douleurs qu'elles soient aig\u00fces ou chroniques, et retrouvez votre bien-\u00eatre !<\/p><div id=\"imi-cards__element_69d6d824df32b\" class=\"sort-destination-parent faq-cards vc_custom_1761653668535 border-radius-items border-radius-5px shadow-border-style   dark-skin-style   custom-bg-style        \" ><div class=\"carousel-wrapper\"><div class=\"imi-styled-row \"><ul class=\"owl-carousel equal-heighter carousel-fw class-carousel\" data-columns=\"1\" data-autoplay=\"no\" data-autoplay-timeout=\"\" data-pagination=\"no\" data-arrows=\"yes\" data-auto-height=\"no\" data-rtl=\"no\" data-loop=\"yes\" data-margin=\"40\" data-columns-desktop=\"1\" data-columns-tab=\"1\" data-columns-mobile=\"1\"><li class=\"item site-item  \">\n\t\t\t\t\t\t\t\t\t\t<div class=\"bg-style-target grid-item card-grid-item card-item card-carousel-item border-style-target border-radius-target format-standard\"><div class=\"card-media imi-item-media\"><\/div><div class=\"card-info-static equal-height-column post-item-content\" style=\"background-color:#235e70\"><div class=\"card-icon  custom\"><i class=\"fas fa-male\"  style=\"color:#ffffff;font-size:130px\"><\/i><\/div><h4 class=\"card-title \" >Adulte<\/h4><div class=\"card-excerpt \"  style=\"\">Quelque soit votre rythme de vie, la douleur peut s\u2019installer dans votre quotidien. Votre ost\u00e9opathe vous aide \u00e0 r\u00e9duire vos douleurs et augmenter votre mobilit\u00e9 afin que vous retrouviez votre bien-\u00eatre quotidien ! <br><br>\nVous pouvez consulter votre ost\u00e9opathe pour : <br>\n- douleur aig\u00fce ou chronique: sciatique, maux de dos, torticoli...<br>\n- raideur articulaire <br>\n- tension musculaire <br>\n- s\u00e9quelle traumatique <br>\n- troubles digestifs <br>\n<br>\nL'ost\u00e9opathie peut vous aider \u00e0 ce que la douleur ne fasse plus partie de votre quotidien.\n<\/div><\/div><\/div><\/li><li class=\"item site-item  \">\n\t\t\t\t\t\t\t\t\t\t<div class=\"bg-style-target grid-item card-grid-item card-item card-carousel-item border-style-target border-radius-target format-standard\"><div class=\"card-media imi-item-media\"><\/div><div class=\"card-info-static equal-height-column post-item-content\" style=\"background-color:#235e70\"><div class=\"card-icon  custom\"><i class=\"fas fa-running\"  style=\"color:#ffffff;font-size:130px\"><\/i><\/div><h4 class=\"card-title \" >Sportif<\/h4><div class=\"card-excerpt \"  style=\"\">Que ce soit pendant la pr\u00e9paration, pendant ou apr\u00e8s l\u2019effort, le sportif se doit d\u2019\u00eatre constamment \u00e9quilibr\u00e9 et en mesure de pratiquer son sport sans contrainte.<br><br>. \nVotre ost\u00e9opathe vous accompagne lors de : <br>\n- pr\u00e9paration physique <br>\n- r\u00e9cup\u00e9ration post-blessure <br>\n- raideur articulaire <br>\n- tensions musculaires <br>\n- r\u00e9cup\u00e9ration physique <br>\nLe suivi r\u00e9gulier chez un ost\u00e9opathe vous aide \u00e0 maintenir vos performances <\/div><\/div><\/div><\/li><li class=\"item site-item  \">\n\t\t\t\t\t\t\t\t\t\t<div class=\"bg-style-target grid-item card-grid-item card-item card-carousel-item border-style-target border-radius-target format-standard\"><div class=\"card-media imi-item-media\"><img loading=\"lazy\" decoding=\"async\" width=\"58\" height=\"130\" src=\"https:\/\/osteopathe-in-paris.com\/wp-content\/uploads\/2020\/12\/pregnant-2.png\" class=\"attachment-imi-600x400\" alt=\"\" srcset=\"https:\/\/osteopathe-in-paris.com\/wp-content\/uploads\/2020\/12\/pregnant-2.png 58w, https:\/\/osteopathe-in-paris.com\/wp-content\/uploads\/2020\/12\/pregnant-2-5x12.png 5w\" sizes=\"auto, (max-width: 58px) 100vw, 58px\" \/><\/div><div class=\"card-info-static equal-height-column post-item-content\" style=\"background-color:#235e70\"><h4 class=\"card-title \" ><div class=\"papi\">Femmes enceintes et post-partum<\/div><\/h4><div class=\"card-excerpt \"  style=\"\">La grossesse et l\u2019accouchement sont de v\u00e9ritable changement pour votre corps. L\u2019ost\u00e9opathie vous accompagne afin de vivre ces changements sereinement. <br><br>\nVous pouvez consulter en cas : <br>\n- Pr\u00e9paration \u00e0 la grossesse <br>\n- Douleur du dos <br>\n- Douleur du pubis <br>\n- Sciatique <br>\n- Douleur pelvienne et du coccyx <br>\n- Pr\u00e9paration \u00e0 l\u2019accouchement <br>\nEt autres douleurs qui pourraient perturber dans votre parcours de p\u00e9ri-natalit\u00e9<\/div><\/div><\/div><\/li><li class=\"item site-item  \">\n\t\t\t\t\t\t\t\t\t\t<div class=\"bg-style-target grid-item card-grid-item card-item card-carousel-item border-style-target border-radius-target format-standard\"><div class=\"card-media imi-item-media\"><\/div><div class=\"card-info-static equal-height-column post-item-content\" style=\"background-color:#235e70\"><div class=\"card-icon  custom\"><i class=\"fas fa-baby\"  style=\"color:#ffffff;font-size:130px\"><\/i><\/div><h4 class=\"card-title \" >Nourrissons<\/h4><div class=\"card-excerpt \"  style=\"\">La vie intra-ut\u00e9rine, l\u2019accouchement et l'adaptation des premiers mois de vie peuvent \u00eatre \u00e0 l\u2019origine de contrainte pour le nouveau-n\u00e9\n<br><br>\nVotre ost\u00e9opathe pourra l'aider dans les cas : <br>\n- colique <br>\n- r\u00e9gurgitation <br>\n- constipation <br>\n- succion difficile <br>\n- trouble du sommeil <br>\nEt d'autres sympt\u00f4mes qui peuvent alterer la qualit\u00e9 des premiers mois de vie de votre enfant.<\/div><\/div><\/div><\/li><li class=\"item site-item  \">\n\t\t\t\t\t\t\t\t\t\t<div class=\"bg-style-target grid-item card-grid-item card-item card-carousel-item border-style-target border-radius-target format-standard\"><div class=\"card-media imi-item-media\"><\/div><div class=\"card-info-static equal-height-column post-item-content\" style=\"background-color:#235e70\"><div class=\"card-icon  custom\"><i class=\"fas fa-child\"  style=\"color:#ffffff;font-size:130px\"><\/i><\/div><h4 class=\"card-title \" >Enfant \/ Adolescent<\/h4><div class=\"card-excerpt \"  style=\"\">L\u2019enfance et l\u2019adolescence sont des p\u00e9riodes de croissance importantes avec des modifications tr\u00e8s rapides.<br><br>\nVotre ost\u00e9opathe peut accompagner votre enfant en cas de : <br>\n- douleur de croissance <br>\n- d\u00e9tection de pathologie de croissance (ex: scoliose) <br>\n- trouble du comportement ou de l'attention <br>\n- troubles digestifs <br><\/div><\/div><\/div><\/li><\/ul><\/div><\/div><\/div><\/div><\/div><\/div><\/div><div class=\"vc_row wpb_row vc_row-fluid\" style=\"position:relative\"><div class=\"wpb_column vc_column_container vc_col-sm-12\" style=\"position:relative\"><div class=\"vc_column-inner\"><div class=\"wpb_wrapper\">\n\t<div class=\"wpb_text_column wpb_content_element \" >\n\t\t<div class=\"wpb_wrapper\">\n\t\t\t\n\t\t<\/div>\n\t<\/div>\n<\/div><\/div><\/div><\/div>\n","protected":false},"excerpt":{"rendered":"Pourquoi consulter ?L\u2019ost\u00e9opathie vous aide \u00e0 r\u00e9duire vos douleurs et \u00e0 augmenter votre mobilit\u00e9 afin d'am\u00e9liorer votre sant\u00e9 Accordez vous une solution \u00e0 vos douleurs qu'elles soient aig\u00fces ou chroniques, et retrouvez votre bien-\u00eatre ! AdulteQuelque soit votre rythme de vie, la douleur peut s\u2019installer dans votre quotidien. Votre ost\u00e9opathe vous aide \u00e0 r\u00e9duire vos douleurs et augmenter votre mobilit\u00e9 afin que vous retrouviez votre bien-\u00eatre quotidien ! Vous pouvez consulter votre ost\u00e9opathe pour : - douleur aig\u00fce ou chronique: sciatique, maux de dos, torticoli... - raideur articulaire - tension musculaire - s\u00e9quelle traumatique - troubles digestifs L'ost\u00e9opathie peut vous aider \u00e0 ce que la douleur ne fasse plus partie de votre quotidien. SportifQue ce soit pendant la pr\u00e9paration, pendant ou apr\u00e8s l\u2019effort, le sportif se doit d\u2019\u00eatre constamment \u00e9quilibr\u00e9 et en mesure de pratiquer son sport sans contrainte.. Votre ost\u00e9opathe vous accompagne lors de : - pr\u00e9paration physique - r\u00e9cup\u00e9ration post-blessure - raideur articulaire - tensions musculaires - r\u00e9cup\u00e9ration physique Le suivi r\u00e9gulier chez un ost\u00e9opathe vous aide \u00e0 maintenir vos performances Femmes enceintes et post-partumLa grossesse et l\u2019accouchement sont de v\u00e9ritable changement pour votre corps. L\u2019ost\u00e9opathie vous accompagne afin de vivre ces changements sereinement. Vous pouvez consulter en cas : - Pr\u00e9paration \u00e0 la grossesse - Douleur du dos - Douleur du pubis - Sciatique - Douleur pelvienne et du coccyx - Pr\u00e9paration \u00e0 l\u2019accouchement Et autres douleurs qui pourraient perturber dans votre parcours de p\u00e9ri-natalit\u00e9 NourrissonsLa vie intra-ut\u00e9rine, l\u2019accouchement et l'adaptation des premiers mois de vie peuvent \u00eatre \u00e0 l\u2019origine de contrainte pour le nouveau-n\u00e9 Votre ost\u00e9opathe pourra l'aider dans les cas : - colique - r\u00e9gurgitation - constipation - succion difficile - trouble du sommeil Et d'autres sympt\u00f4mes qui peuvent alterer la qualit\u00e9 des premiers mois de vie de votre enfant. Enfant \/ AdolescentL\u2019enfance et l\u2019adolescence sont des p\u00e9riodes de croissance importantes avec des modifications tr\u00e8s rapides. Votre ost\u00e9opathe peut accompagner votre enfant en cas de : - douleur de croissance - d\u00e9tection de pathologie de croissance (ex: scoliose) - trouble du comportement ou de l'attention - troubles digestifs","protected":false},"author":1,"featured_media":0,"parent":0,"menu_order":0,"comment_status":"closed","ping_status":"closed","template":"","meta":{"footnotes":""},"class_list":["post-663","page","type-page","status-publish","hentry"],"yoast_head":"<!-- This site is optimized with the Yoast SEO plugin v26.2 - https:\/\/yoast.com\/wordpress\/plugins\/seo\/ -->\n<title>Pourquoi Consulter | Andr\u00e9 Victoria<\/title>\n<meta name=\"description\" content=\"RDV d&#039;ost\u00e9opathie dans Paris 13\u00e8me. Victoria Andr\u00e9 est ost\u00e9opathe D.O agr\u00e9e. Prise en charge de votre sant\u00e9 et de votre bien \u00eatre. Prise de rendez-vous rapide en ligne ou au 07.87.32.09.89.\" \/>\n<meta name=\"robots\" content=\"index, follow, max-snippet:-1, max-image-preview:large, max-video-preview:-1\" \/>\n<link rel=\"canonical\" href=\"https:\/\/osteopathe-in-paris.com\/index.php\/faq\/\" \/>\n<meta property=\"og:locale\" content=\"fr_FR\" \/>\n<meta property=\"og:type\" content=\"article\" \/>\n<meta property=\"og:title\" content=\"Pourquoi Consulter | Andr\u00e9 Victoria\" \/>\n<meta property=\"og:description\" content=\"RDV d&#039;ost\u00e9opathie dans Paris 13\u00e8me. Victoria Andr\u00e9 est ost\u00e9opathe D.O agr\u00e9e. Prise en charge de votre sant\u00e9 et de votre bien \u00eatre. Prise de rendez-vous rapide en ligne ou au 07.87.32.09.89.\" \/>\n<meta property=\"og:url\" content=\"https:\/\/osteopathe-in-paris.com\/index.php\/faq\/\" \/>\n<meta property=\"og:site_name\" content=\"Andr\u00e9 Victoria\" \/>\n<meta property=\"article:modified_time\" content=\"2025-11-03T14:35:42+00:00\" \/>\n<meta property=\"og:image\" content=\"https:\/\/osteopathe-in-paris.com\/wp-content\/uploads\/2025\/10\/cropped-Logo-Andre-Victoria-1.png\" \/>\n\t<meta property=\"og:image:width\" content=\"512\" \/>\n\t<meta property=\"og:image:height\" content=\"512\" \/>\n\t<meta property=\"og:image:type\" content=\"image\/png\" \/>\n<meta name=\"twitter:card\" content=\"summary_large_image\" \/>\n<meta name=\"twitter:label1\" content=\"Dur\u00e9e de lecture estim\u00e9e\" \/>\n\t<meta name=\"twitter:data1\" content=\"1 minute\" \/>\n<script type=\"application\/ld+json\" class=\"yoast-schema-graph\">{\"@context\":\"https:\/\/schema.org\",\"@graph\":[{\"@type\":\"WebPage\",\"@id\":\"https:\/\/osteopathe-in-paris.com\/index.php\/faq\/\",\"url\":\"https:\/\/osteopathe-in-paris.com\/index.php\/faq\/\",\"name\":\"Pourquoi Consulter | Andr\u00e9 Victoria\",\"isPartOf\":{\"@id\":\"https:\/\/osteopathe-in-paris.com\/#website\"},\"datePublished\":\"2020-04-26T21:09:26+00:00\",\"dateModified\":\"2025-11-03T14:35:42+00:00\",\"description\":\"RDV d'ost\u00e9opathie dans Paris 13\u00e8me. Victoria Andr\u00e9 est ost\u00e9opathe D.O agr\u00e9e. Prise en charge de votre sant\u00e9 et de votre bien \u00eatre. Prise de rendez-vous rapide en ligne ou au 07.87.32.09.89.\",\"breadcrumb\":{\"@id\":\"https:\/\/osteopathe-in-paris.com\/index.php\/faq\/#breadcrumb\"},\"inLanguage\":\"fr-FR\",\"potentialAction\":[{\"@type\":\"ReadAction\",\"target\":[\"https:\/\/osteopathe-in-paris.com\/index.php\/faq\/\"]}]},{\"@type\":\"BreadcrumbList\",\"@id\":\"https:\/\/osteopathe-in-paris.com\/index.php\/faq\/#breadcrumb\",\"itemListElement\":[{\"@type\":\"ListItem\",\"position\":1,\"name\":\"Accueil\",\"item\":\"https:\/\/osteopathe-in-paris.com\/\"},{\"@type\":\"ListItem\",\"position\":2,\"name\":\"Pourquoi Consulter\"}]},{\"@type\":\"WebSite\",\"@id\":\"https:\/\/osteopathe-in-paris.com\/#website\",\"url\":\"https:\/\/osteopathe-in-paris.com\/\",\"name\":\"Andr\u00e9 Victoria Ost\u00e9oapthe\",\"description\":\"Ost\u00e9opathe\",\"publisher\":{\"@id\":\"https:\/\/osteopathe-in-paris.com\/#organization\"},\"potentialAction\":[{\"@type\":\"SearchAction\",\"target\":{\"@type\":\"EntryPoint\",\"urlTemplate\":\"https:\/\/osteopathe-in-paris.com\/?s={search_term_string}\"},\"query-input\":{\"@type\":\"PropertyValueSpecification\",\"valueRequired\":true,\"valueName\":\"search_term_string\"}}],\"inLanguage\":\"fr-FR\"},{\"@type\":\"Organization\",\"@id\":\"https:\/\/osteopathe-in-paris.com\/#organization\",\"name\":\"Andre Victoria Ost\u00e9opathe\",\"url\":\"https:\/\/osteopathe-in-paris.com\/\",\"logo\":{\"@type\":\"ImageObject\",\"inLanguage\":\"fr-FR\",\"@id\":\"https:\/\/osteopathe-in-paris.com\/#\/schema\/logo\/image\/\",\"url\":\"https:\/\/osteopathe-in-paris.com\/wp-content\/uploads\/2020\/12\/Logo-Andre-Victoria.png\",\"contentUrl\":\"https:\/\/osteopathe-in-paris.com\/wp-content\/uploads\/2020\/12\/Logo-Andre-Victoria.png\",\"width\":1000,\"height\":1000,\"caption\":\"Andre Victoria Ost\u00e9opathe\"},\"image\":{\"@id\":\"https:\/\/osteopathe-in-paris.com\/#\/schema\/logo\/image\/\"}}]}<\/script>\n<!-- \/ Yoast SEO plugin. -->","yoast_head_json":{"title":"Pourquoi Consulter | Andr\u00e9 Victoria","description":"RDV d'ost\u00e9opathie dans Paris 13\u00e8me. Victoria Andr\u00e9 est ost\u00e9opathe D.O agr\u00e9e. Prise en charge de votre sant\u00e9 et de votre bien \u00eatre. Prise de rendez-vous rapide en ligne ou au 07.87.32.09.89.","robots":{"index":"index","follow":"follow","max-snippet":"max-snippet:-1","max-image-preview":"max-image-preview:large","max-video-preview":"max-video-preview:-1"},"canonical":"https:\/\/osteopathe-in-paris.com\/index.php\/faq\/","og_locale":"fr_FR","og_type":"article","og_title":"Pourquoi Consulter | Andr\u00e9 Victoria","og_description":"RDV d'ost\u00e9opathie dans Paris 13\u00e8me. Victoria Andr\u00e9 est ost\u00e9opathe D.O agr\u00e9e. Prise en charge de votre sant\u00e9 et de votre bien \u00eatre. Prise de rendez-vous rapide en ligne ou au 07.87.32.09.89.","og_url":"https:\/\/osteopathe-in-paris.com\/index.php\/faq\/","og_site_name":"Andr\u00e9 Victoria","article_modified_time":"2025-11-03T14:35:42+00:00","og_image":[{"width":512,"height":512,"url":"https:\/\/osteopathe-in-paris.com\/wp-content\/uploads\/2025\/10\/cropped-Logo-Andre-Victoria-1.png","type":"image\/png"}],"twitter_card":"summary_large_image","twitter_misc":{"Dur\u00e9e de lecture estim\u00e9e":"1 minute"},"schema":{"@context":"https:\/\/schema.org","@graph":[{"@type":"WebPage","@id":"https:\/\/osteopathe-in-paris.com\/index.php\/faq\/","url":"https:\/\/osteopathe-in-paris.com\/index.php\/faq\/","name":"Pourquoi Consulter | Andr\u00e9 Victoria","isPartOf":{"@id":"https:\/\/osteopathe-in-paris.com\/#website"},"datePublished":"2020-04-26T21:09:26+00:00","dateModified":"2025-11-03T14:35:42+00:00","description":"RDV d'ost\u00e9opathie dans Paris 13\u00e8me. Victoria Andr\u00e9 est ost\u00e9opathe D.O agr\u00e9e. Prise en charge de votre sant\u00e9 et de votre bien \u00eatre. Prise de rendez-vous rapide en ligne ou au 07.87.32.09.89.","breadcrumb":{"@id":"https:\/\/osteopathe-in-paris.com\/index.php\/faq\/#breadcrumb"},"inLanguage":"fr-FR","potentialAction":[{"@type":"ReadAction","target":["https:\/\/osteopathe-in-paris.com\/index.php\/faq\/"]}]},{"@type":"BreadcrumbList","@id":"https:\/\/osteopathe-in-paris.com\/index.php\/faq\/#breadcrumb","itemListElement":[{"@type":"ListItem","position":1,"name":"Accueil","item":"https:\/\/osteopathe-in-paris.com\/"},{"@type":"ListItem","position":2,"name":"Pourquoi Consulter"}]},{"@type":"WebSite","@id":"https:\/\/osteopathe-in-paris.com\/#website","url":"https:\/\/osteopathe-in-paris.com\/","name":"Andr\u00e9 Victoria Ost\u00e9oapthe","description":"Ost\u00e9opathe","publisher":{"@id":"https:\/\/osteopathe-in-paris.com\/#organization"},"potentialAction":[{"@type":"SearchAction","target":{"@type":"EntryPoint","urlTemplate":"https:\/\/osteopathe-in-paris.com\/?s={search_term_string}"},"query-input":{"@type":"PropertyValueSpecification","valueRequired":true,"valueName":"search_term_string"}}],"inLanguage":"fr-FR"},{"@type":"Organization","@id":"https:\/\/osteopathe-in-paris.com\/#organization","name":"Andre Victoria Ost\u00e9opathe","url":"https:\/\/osteopathe-in-paris.com\/","logo":{"@type":"ImageObject","inLanguage":"fr-FR","@id":"https:\/\/osteopathe-in-paris.com\/#\/schema\/logo\/image\/","url":"https:\/\/osteopathe-in-paris.com\/wp-content\/uploads\/2020\/12\/Logo-Andre-Victoria.png","contentUrl":"https:\/\/osteopathe-in-paris.com\/wp-content\/uploads\/2020\/12\/Logo-Andre-Victoria.png","width":1000,"height":1000,"caption":"Andre Victoria Ost\u00e9opathe"},"image":{"@id":"https:\/\/osteopathe-in-paris.com\/#\/schema\/logo\/image\/"}}]}},"_links":{"self":[{"href":"https:\/\/osteopathe-in-paris.com\/index.php\/wp-json\/wp\/v2\/pages\/663","targetHints":{"allow":["GET"]}}],"collection":[{"href":"https:\/\/osteopathe-in-paris.com\/index.php\/wp-json\/wp\/v2\/pages"}],"about":[{"href":"https:\/\/osteopathe-in-paris.com\/index.php\/wp-json\/wp\/v2\/types\/page"}],"author":[{"embeddable":true,"href":"https:\/\/osteopathe-in-paris.com\/index.php\/wp-json\/wp\/v2\/users\/1"}],"replies":[{"embeddable":true,"href":"https:\/\/osteopathe-in-paris.com\/index.php\/wp-json\/wp\/v2\/comments?post=663"}],"version-history":[{"count":24,"href":"https:\/\/osteopathe-in-paris.com\/index.php\/wp-json\/wp\/v2\/pages\/663\/revisions"}],"predecessor-version":[{"id":965,"href":"https:\/\/osteopathe-in-paris.com\/index.php\/wp-json\/wp\/v2\/pages\/663\/revisions\/965"}],"wp:attachment":[{"href":"https:\/\/osteopathe-in-paris.com\/index.php\/wp-json\/wp\/v2\/media?parent=663"}],"curies":[{"name":"wp","href":"https:\/\/api.w.org\/{rel}","templated":true}]}}