{"id":662,"date":"2020-04-26T21:09:11","date_gmt":"2020-04-26T21:09:11","guid":{"rendered":"http:\/\/cov19.local\/?page_id=70"},"modified":"2025-11-03T15:35:08","modified_gmt":"2025-11-03T14:35:08","slug":"osteopathie","status":"publish","type":"page","link":"https:\/\/osteopathe-in-paris.com\/index.php\/osteopathie\/","title":{"rendered":"L\u2019osteopathie"},"content":{"rendered":"<p><head><!-- Google Tag Manager --><br \/>\n<script>(function(w,d,s,l,i){w[l]=w[l]||[];w[l].push({'gtm.start':\nnew Date().getTime(),event:'gtm.js'});var f=d.getElementsByTagName(s)[0],\nj=d.createElement(s),dl=l!='dataLayer'?'&l='+l:'';j.async=true;j.src=\n'https:\/\/www.googletagmanager.com\/gtm.js?id='+i+dl;f.parentNode.insertBefore(j,f);\n})(window,document,'script','dataLayer','GTM-TJ4KZQFC');<\/script><br \/>\n<!-- End Google Tag Manager --><\/head><br \/>\n<body><!-- Google Tag Manager (noscript) --><br \/>\n<noscript><iframe src=\"https:\/\/www.googletagmanager.com\/ns.html?id=GTM-TJ4KZQFC\"\nheight=\"0\" width=\"0\" style=\"display:none;visibility:hidden\"><\/iframe><\/noscript><br \/>\n<!-- End Google Tag Manager (noscript) --><\/body><br \/>\n<!-- Google tag (gtag.js) --><br \/>\n<script async src=\"https:\/\/www.googletagmanager.com\/gtag\/js?id=AW-17685763551\"><\/script><br \/>\n<script>\n  window.dataLayer = window.dataLayer || [];\n  function gtag(){dataLayer.push(arguments);}\n  gtag('js', new Date());<\/p>\n<p>  gtag('config', 'AW-17685763551');\n<\/script><br \/>\n<div data-vc-full-width=\"true\" data-vc-full-width-init=\"false\" data-vc-parallax=\"1.5\" class=\"vc_row wpb_row vc_row-fluid accent-bg vc_custom_1607875561526 vc_row-has-fill vc_column-gap-30 vc_general vc_parallax vc_parallax-content-moving\" style=\"position:relative\"><div class=\"wpb_column vc_column_container vc_col-sm-12\" style=\"position:relative\"><div class=\"vc_column-inner\"><div class=\"wpb_wrapper\"><div class=\"imi-spacer \" id=\"imi-spacer-69d6eaa6ecd7a\" data-spacer-id=\"imi-spacer-69d6eaa6ecd7a\" data-spacer-lg=\"120px\" data-spacer-md=\"120px\" data-spacer-sm=\"60px\" data-spacer-xs=\"40px\"><\/div><div class=\"vc_row wpb_row vc_inner vc_row-fluid\"><div class=\"wpb_column vc_column_container vc_col-sm-2 vc_col-lg-2 vc_hidden-md vc_hidden-sm vc_hidden-xs\"><div class=\"vc_column-inner\"><div class=\"wpb_wrapper\"><\/div><\/div><\/div><div class=\"wpb_column vc_column_container vc_col-sm-1 vc_col-lg-8 vc_col-md-12 vc_col-has-fill\"><div class=\"vc_column-inner vc_custom_1607853247181\"><div class=\"wpb_wrapper\"><h2 style=\"color: #21596c;text-align: center\" class=\"vc_custom_heading vc_custom_1607853130927\" >L\u2019ost\u00e9opathie<\/h2>\n\t<div class=\"wpb_text_column wpb_content_element  text-pres\" >\n\t\t<div class=\"wpb_wrapper\">\n\t\t\t<p style=\"text-align: center;\" data-start=\"433\" data-end=\"826\">L\u2019<strong data-start=\"435\" data-end=\"450\">ost\u00e9opathie<\/strong> est une <strong data-start=\"459\" data-end=\"480\">th\u00e9rapie manuelle<\/strong> qui vise \u00e0 identifier et \u00e0 traiter les <strong data-start=\"520\" data-end=\"546\">d\u00e9s\u00e9quilibres du corps<\/strong> pouvant perturber son bon fonctionnement.<br data-start=\"588\" data-end=\"591\" \/>Elle repose sur une compr\u00e9hension fine de l\u2019anatomie et de la physiologie humaines, et consid\u00e8re que le corps forme <strong data-start=\"707\" data-end=\"734\">une unit\u00e9 fonctionnelle<\/strong> : lorsqu\u2019une zone perd de la mobilit\u00e9, c\u2019est tout l\u2019\u00e9quilibre global qui peut \u00eatre affect\u00e9.<\/p>\n<p style=\"text-align: center;\" data-start=\"828\" data-end=\"1048\">Au <strong data-start=\"831\" data-end=\"871\">cabinet d\u2019ost\u00e9opathie Andr\u00e9 Victoria<\/strong>, situ\u00e9 \u00e0 <a href=\"https:\/\/osteopathe-in-paris.com\/index.php\/cabinet\/\"><strong data-start=\"881\" data-end=\"911\">Paris 13\u1d49 (rue de Tolbiac)<\/strong>,<\/a> chaque s\u00e9ance est adapt\u00e9e \u00e0 la personne dans sa globalit\u00e9, afin de <strong data-start=\"980\" data-end=\"1017\">soulager durablement les douleurs<\/strong> et <strong data-start=\"1021\" data-end=\"1047\">pr\u00e9venir les r\u00e9cidives<\/strong>.<\/p>\n<p style=\"text-align: center;\" data-start=\"828\" data-end=\"1048\">L\u2019ost\u00e9opathie s\u2019adresse \u00e0 <a href=\"https:\/\/osteopathe-in-paris.com\/index.php\/faq\/\"><strong data-start=\"1826\" data-end=\"1863\">tous les \u00e2ges et tous les profils<\/strong><\/a>.<br data-start=\"1864\" data-end=\"1867\" \/>Elle peut \u00eatre indiqu\u00e9e pour de nombreux troubles, qu\u2019ils soient <strong data-start=\"1932\" data-end=\"1975\">fonctionnels, m\u00e9caniques ou \u00e9motionnels<\/strong>.<\/p>\n<p style=\"text-align: center;\" data-start=\"828\" data-end=\"1048\">\ud83d\udca1 <strong data-start=\"2711\" data-end=\"2739\">Chaque s\u00e9ance est unique<\/strong> : le traitement est adapt\u00e9 \u00e0 la cause du d\u00e9s\u00e9quilibre, \u00e0 votre \u00e2ge, \u00e0 votre activit\u00e9 et \u00e0 vos ant\u00e9c\u00e9dents.<\/p>\n\n\t\t<\/div>\n\t<\/div>\n<\/div><\/div><\/div><div class=\"wpb_column vc_column_container vc_col-sm-2 vc_col-lg-2 vc_hidden-md vc_hidden-sm vc_hidden-xs\"><div class=\"vc_column-inner\"><div class=\"wpb_wrapper\"><\/div><\/div><\/div><\/div><\/div><\/div><\/div><div class=\"wpb_column vc_column_container vc_col-sm-12\" style=\"position:relative\"><div class=\"vc_column-inner\"><div class=\"wpb_wrapper\"><div class=\"imi-spacer \" id=\"imi-spacer-69d6eaa6edeb0\" data-spacer-id=\"imi-spacer-69d6eaa6edeb0\" data-spacer-lg=\"73px\" data-spacer-md=\"73px\" data-spacer-sm=\"43px\" data-spacer-xs=\"45px\"><\/div><\/div><\/div><\/div><\/div><div class=\"vc_row-full-width vc_clearfix\"><\/div>\n","protected":false},"excerpt":{"rendered":"L\u2019ost\u00e9opathie L\u2019ost\u00e9opathie est une th\u00e9rapie manuelle qui vise \u00e0 identifier et \u00e0 traiter les d\u00e9s\u00e9quilibres du corps pouvant perturber son bon fonctionnement.Elle repose sur une compr\u00e9hension fine de l\u2019anatomie et de la physiologie humaines, et consid\u00e8re que le corps forme une unit\u00e9 fonctionnelle : lorsqu\u2019une zone perd de la mobilit\u00e9, c\u2019est tout l\u2019\u00e9quilibre global qui peut \u00eatre affect\u00e9. Au cabinet d\u2019ost\u00e9opathie Andr\u00e9 Victoria, situ\u00e9 \u00e0 Paris 13\u1d49 (rue de Tolbiac), chaque s\u00e9ance est adapt\u00e9e \u00e0 la personne dans sa globalit\u00e9, afin de soulager durablement les douleurs et pr\u00e9venir les r\u00e9cidives. L\u2019ost\u00e9opathie s\u2019adresse \u00e0 tous les \u00e2ges et tous les profils.Elle peut \u00eatre indiqu\u00e9e pour de nombreux troubles, qu\u2019ils soient fonctionnels, m\u00e9caniques ou \u00e9motionnels. \ud83d\udca1 Chaque s\u00e9ance est unique : le traitement est adapt\u00e9 \u00e0 la cause du d\u00e9s\u00e9quilibre, \u00e0 votre \u00e2ge, \u00e0 votre activit\u00e9 et \u00e0 vos ant\u00e9c\u00e9dents.","protected":false},"author":1,"featured_media":0,"parent":0,"menu_order":0,"comment_status":"closed","ping_status":"closed","template":"","meta":{"footnotes":""},"class_list":["post-662","page","type-page","status-publish","hentry"],"yoast_head":"<!-- This site is optimized with the Yoast SEO plugin v26.2 - https:\/\/yoast.com\/wordpress\/plugins\/seo\/ -->\n<title>L\u2019osteopathie | Andr\u00e9 Victoria<\/title>\n<meta name=\"description\" content=\"RDV d&#039;ost\u00e9opathie dans Paris 13\u00e8me. Victoria Andr\u00e9 est ost\u00e9opathe D.O agr\u00e9e. Prise en charge de votre sant\u00e9 et de votre bien \u00eatre. Prise de rendez-vous rapide en ligne ou au 07.87.32.09.89.\" \/>\n<meta name=\"robots\" content=\"index, follow, max-snippet:-1, max-image-preview:large, max-video-preview:-1\" \/>\n<link rel=\"canonical\" href=\"https:\/\/osteopathe-in-paris.com\/index.php\/osteopathie\/\" \/>\n<meta property=\"og:locale\" content=\"fr_FR\" \/>\n<meta property=\"og:type\" content=\"article\" \/>\n<meta property=\"og:title\" content=\"L\u2019osteopathie | Andr\u00e9 Victoria\" \/>\n<meta property=\"og:description\" content=\"RDV d&#039;ost\u00e9opathie dans Paris 13\u00e8me. Victoria Andr\u00e9 est ost\u00e9opathe D.O agr\u00e9e. Prise en charge de votre sant\u00e9 et de votre bien \u00eatre. Prise de rendez-vous rapide en ligne ou au 07.87.32.09.89.\" \/>\n<meta property=\"og:url\" content=\"https:\/\/osteopathe-in-paris.com\/index.php\/osteopathie\/\" \/>\n<meta property=\"og:site_name\" content=\"Andr\u00e9 Victoria\" \/>\n<meta property=\"article:modified_time\" content=\"2025-11-03T14:35:08+00:00\" \/>\n<meta property=\"og:image\" content=\"https:\/\/osteopathe-in-paris.com\/wp-content\/uploads\/2025\/10\/cropped-Logo-Andre-Victoria-1.png\" \/>\n\t<meta property=\"og:image:width\" content=\"512\" \/>\n\t<meta property=\"og:image:height\" content=\"512\" \/>\n\t<meta property=\"og:image:type\" content=\"image\/png\" \/>\n<meta name=\"twitter:card\" content=\"summary_large_image\" \/>\n<meta name=\"twitter:label1\" content=\"Dur\u00e9e de lecture estim\u00e9e\" \/>\n\t<meta name=\"twitter:data1\" content=\"1 minute\" \/>\n<script type=\"application\/ld+json\" class=\"yoast-schema-graph\">{\"@context\":\"https:\/\/schema.org\",\"@graph\":[{\"@type\":\"WebPage\",\"@id\":\"https:\/\/osteopathe-in-paris.com\/index.php\/osteopathie\/\",\"url\":\"https:\/\/osteopathe-in-paris.com\/index.php\/osteopathie\/\",\"name\":\"L\u2019osteopathie | Andr\u00e9 Victoria\",\"isPartOf\":{\"@id\":\"https:\/\/osteopathe-in-paris.com\/#website\"},\"datePublished\":\"2020-04-26T21:09:11+00:00\",\"dateModified\":\"2025-11-03T14:35:08+00:00\",\"description\":\"RDV d'ost\u00e9opathie dans Paris 13\u00e8me. Victoria Andr\u00e9 est ost\u00e9opathe D.O agr\u00e9e. Prise en charge de votre sant\u00e9 et de votre bien \u00eatre. Prise de rendez-vous rapide en ligne ou au 07.87.32.09.89.\",\"breadcrumb\":{\"@id\":\"https:\/\/osteopathe-in-paris.com\/index.php\/osteopathie\/#breadcrumb\"},\"inLanguage\":\"fr-FR\",\"potentialAction\":[{\"@type\":\"ReadAction\",\"target\":[\"https:\/\/osteopathe-in-paris.com\/index.php\/osteopathie\/\"]}]},{\"@type\":\"BreadcrumbList\",\"@id\":\"https:\/\/osteopathe-in-paris.com\/index.php\/osteopathie\/#breadcrumb\",\"itemListElement\":[{\"@type\":\"ListItem\",\"position\":1,\"name\":\"Accueil\",\"item\":\"https:\/\/osteopathe-in-paris.com\/\"},{\"@type\":\"ListItem\",\"position\":2,\"name\":\"L\u2019osteopathie\"}]},{\"@type\":\"WebSite\",\"@id\":\"https:\/\/osteopathe-in-paris.com\/#website\",\"url\":\"https:\/\/osteopathe-in-paris.com\/\",\"name\":\"Andr\u00e9 Victoria Ost\u00e9oapthe\",\"description\":\"Ost\u00e9opathe\",\"publisher\":{\"@id\":\"https:\/\/osteopathe-in-paris.com\/#organization\"},\"potentialAction\":[{\"@type\":\"SearchAction\",\"target\":{\"@type\":\"EntryPoint\",\"urlTemplate\":\"https:\/\/osteopathe-in-paris.com\/?s={search_term_string}\"},\"query-input\":{\"@type\":\"PropertyValueSpecification\",\"valueRequired\":true,\"valueName\":\"search_term_string\"}}],\"inLanguage\":\"fr-FR\"},{\"@type\":\"Organization\",\"@id\":\"https:\/\/osteopathe-in-paris.com\/#organization\",\"name\":\"Andre Victoria Ost\u00e9opathe\",\"url\":\"https:\/\/osteopathe-in-paris.com\/\",\"logo\":{\"@type\":\"ImageObject\",\"inLanguage\":\"fr-FR\",\"@id\":\"https:\/\/osteopathe-in-paris.com\/#\/schema\/logo\/image\/\",\"url\":\"https:\/\/osteopathe-in-paris.com\/wp-content\/uploads\/2020\/12\/Logo-Andre-Victoria.png\",\"contentUrl\":\"https:\/\/osteopathe-in-paris.com\/wp-content\/uploads\/2020\/12\/Logo-Andre-Victoria.png\",\"width\":1000,\"height\":1000,\"caption\":\"Andre Victoria Ost\u00e9opathe\"},\"image\":{\"@id\":\"https:\/\/osteopathe-in-paris.com\/#\/schema\/logo\/image\/\"}}]}<\/script>\n<!-- \/ Yoast SEO plugin. -->","yoast_head_json":{"title":"L\u2019osteopathie | Andr\u00e9 Victoria","description":"RDV d'ost\u00e9opathie dans Paris 13\u00e8me. Victoria Andr\u00e9 est ost\u00e9opathe D.O agr\u00e9e. Prise en charge de votre sant\u00e9 et de votre bien \u00eatre. Prise de rendez-vous rapide en ligne ou au 07.87.32.09.89.","robots":{"index":"index","follow":"follow","max-snippet":"max-snippet:-1","max-image-preview":"max-image-preview:large","max-video-preview":"max-video-preview:-1"},"canonical":"https:\/\/osteopathe-in-paris.com\/index.php\/osteopathie\/","og_locale":"fr_FR","og_type":"article","og_title":"L\u2019osteopathie | Andr\u00e9 Victoria","og_description":"RDV d'ost\u00e9opathie dans Paris 13\u00e8me. Victoria Andr\u00e9 est ost\u00e9opathe D.O agr\u00e9e. Prise en charge de votre sant\u00e9 et de votre bien \u00eatre. Prise de rendez-vous rapide en ligne ou au 07.87.32.09.89.","og_url":"https:\/\/osteopathe-in-paris.com\/index.php\/osteopathie\/","og_site_name":"Andr\u00e9 Victoria","article_modified_time":"2025-11-03T14:35:08+00:00","og_image":[{"width":512,"height":512,"url":"https:\/\/osteopathe-in-paris.com\/wp-content\/uploads\/2025\/10\/cropped-Logo-Andre-Victoria-1.png","type":"image\/png"}],"twitter_card":"summary_large_image","twitter_misc":{"Dur\u00e9e de lecture estim\u00e9e":"1 minute"},"schema":{"@context":"https:\/\/schema.org","@graph":[{"@type":"WebPage","@id":"https:\/\/osteopathe-in-paris.com\/index.php\/osteopathie\/","url":"https:\/\/osteopathe-in-paris.com\/index.php\/osteopathie\/","name":"L\u2019osteopathie | Andr\u00e9 Victoria","isPartOf":{"@id":"https:\/\/osteopathe-in-paris.com\/#website"},"datePublished":"2020-04-26T21:09:11+00:00","dateModified":"2025-11-03T14:35:08+00:00","description":"RDV d'ost\u00e9opathie dans Paris 13\u00e8me. Victoria Andr\u00e9 est ost\u00e9opathe D.O agr\u00e9e. Prise en charge de votre sant\u00e9 et de votre bien \u00eatre. Prise de rendez-vous rapide en ligne ou au 07.87.32.09.89.","breadcrumb":{"@id":"https:\/\/osteopathe-in-paris.com\/index.php\/osteopathie\/#breadcrumb"},"inLanguage":"fr-FR","potentialAction":[{"@type":"ReadAction","target":["https:\/\/osteopathe-in-paris.com\/index.php\/osteopathie\/"]}]},{"@type":"BreadcrumbList","@id":"https:\/\/osteopathe-in-paris.com\/index.php\/osteopathie\/#breadcrumb","itemListElement":[{"@type":"ListItem","position":1,"name":"Accueil","item":"https:\/\/osteopathe-in-paris.com\/"},{"@type":"ListItem","position":2,"name":"L\u2019osteopathie"}]},{"@type":"WebSite","@id":"https:\/\/osteopathe-in-paris.com\/#website","url":"https:\/\/osteopathe-in-paris.com\/","name":"Andr\u00e9 Victoria Ost\u00e9oapthe","description":"Ost\u00e9opathe","publisher":{"@id":"https:\/\/osteopathe-in-paris.com\/#organization"},"potentialAction":[{"@type":"SearchAction","target":{"@type":"EntryPoint","urlTemplate":"https:\/\/osteopathe-in-paris.com\/?s={search_term_string}"},"query-input":{"@type":"PropertyValueSpecification","valueRequired":true,"valueName":"search_term_string"}}],"inLanguage":"fr-FR"},{"@type":"Organization","@id":"https:\/\/osteopathe-in-paris.com\/#organization","name":"Andre Victoria Ost\u00e9opathe","url":"https:\/\/osteopathe-in-paris.com\/","logo":{"@type":"ImageObject","inLanguage":"fr-FR","@id":"https:\/\/osteopathe-in-paris.com\/#\/schema\/logo\/image\/","url":"https:\/\/osteopathe-in-paris.com\/wp-content\/uploads\/2020\/12\/Logo-Andre-Victoria.png","contentUrl":"https:\/\/osteopathe-in-paris.com\/wp-content\/uploads\/2020\/12\/Logo-Andre-Victoria.png","width":1000,"height":1000,"caption":"Andre Victoria Ost\u00e9opathe"},"image":{"@id":"https:\/\/osteopathe-in-paris.com\/#\/schema\/logo\/image\/"}}]}},"_links":{"self":[{"href":"https:\/\/osteopathe-in-paris.com\/index.php\/wp-json\/wp\/v2\/pages\/662","targetHints":{"allow":["GET"]}}],"collection":[{"href":"https:\/\/osteopathe-in-paris.com\/index.php\/wp-json\/wp\/v2\/pages"}],"about":[{"href":"https:\/\/osteopathe-in-paris.com\/index.php\/wp-json\/wp\/v2\/types\/page"}],"author":[{"embeddable":true,"href":"https:\/\/osteopathe-in-paris.com\/index.php\/wp-json\/wp\/v2\/users\/1"}],"replies":[{"embeddable":true,"href":"https:\/\/osteopathe-in-paris.com\/index.php\/wp-json\/wp\/v2\/comments?post=662"}],"version-history":[{"count":24,"href":"https:\/\/osteopathe-in-paris.com\/index.php\/wp-json\/wp\/v2\/pages\/662\/revisions"}],"predecessor-version":[{"id":963,"href":"https:\/\/osteopathe-in-paris.com\/index.php\/wp-json\/wp\/v2\/pages\/662\/revisions\/963"}],"wp:attachment":[{"href":"https:\/\/osteopathe-in-paris.com\/index.php\/wp-json\/wp\/v2\/media?parent=662"}],"curies":[{"name":"wp","href":"https:\/\/api.w.org\/{rel}","templated":true}]}}