{"id":658,"date":"2020-04-25T12:26:24","date_gmt":"2020-04-25T12:26:24","guid":{"rendered":"http:\/\/cov19.local\/?page_id=2"},"modified":"2025-11-03T17:16:47","modified_gmt":"2025-11-03T16:16:47","slug":"home","status":"publish","type":"page","link":"https:\/\/osteopathe-in-paris.com\/","title":{"rendered":"Accueil"},"content":{"rendered":"<p><head><!-- Google tag (gtag.js) --><br \/>\n<script async src=\"https:\/\/www.googletagmanager.com\/gtag\/js?id=AW-17685763551\"><\/script><br \/>\n<script>\n  window.dataLayer = window.dataLayer || [];\n  function gtag(){dataLayer.push(arguments);}\n  gtag('js', new Date());<\/p>\n<p>  gtag('config', 'AW-17685763551');\n<\/script><\/p>\n<p><!-- Event snippet for Prise de rendez-vous (2) conversion page\nIn your html page, add the snippet and call gtag_report_conversion when someone clicks on the chosen link or button. --><br \/>\n<script>\nfunction gtag_report_conversion(url) {\n  var callback = function () {\n    if (typeof(url) != 'undefined') {\n      window.location = url;\n    }\n  };\n  gtag('event', 'conversion', {\n      'send_to': 'AW-17685763551\/qfyDCJ7pk7kbEN-rnfFB',\n      'value': 1.0,\n      'currency': 'EUR',\n      'event_callback': callback\n  });\n  return false;\n}\n<\/script><\/head><\/p>\n<div data-vc-full-width=\"true\" data-vc-full-width-init=\"false\" class=\"vc_row wpb_row vc_row-fluid accent-bg header-espace vc_custom_1607880788215 vc_row-has-fill vc_row-o-equal-height vc_row-o-content-middle vc_row-flex\" style=\"position:relative\"><div class=\"wpb_column vc_column_container vc_col-sm-12\" style=\"position:relative\"><div class=\"vc_column-inner\"><div class=\"wpb_wrapper\"><div class=\"imi-spacer \" id=\"imi-spacer-69d6bec24865d\" data-spacer-id=\"imi-spacer-69d6bec24865d\" data-spacer-lg=\"210px\" data-spacer-md=\"210px\" data-spacer-sm=\"160px\" data-spacer-xs=\"110px\"><\/div><\/div><\/div><\/div><div class=\"wpb_column vc_column_container vc_col-sm-8 vc_col-lg-8 vc_col-md-8 vc_col-xs-12\" style=\"position:relative\"><div class=\"vc_column-inner\"><div class=\"wpb_wrapper\">\n\t<div class=\"wpb_text_column wpb_content_element \" >\n\t\t<div class=\"wpb_wrapper\">\n\t\t\t<h1><span class=\"part1\" style=\"color: #65b1a1;\">Andr\u00e9 Victoria<\/span><br \/>\n<span style=\"color: #21596c;\">Ost\u00e9opathe<\/span><br \/>\n<span class=\"part2\" style=\"color: #65b1a1;\">\u00e0 Paris 13\u00e8me<\/span><\/h1>\n\n\t\t<\/div>\n\t<\/div>\n<div class=\"vc_btn3-container vc_btn3-inline\"><a class=\"vc_general vc_btn3 vc_btn3-size-md vc_btn3-shape-rounded vc_btn3-style-modern vc_btn3-color-theme_primary_btn\" href=\"https:\/\/www.doctolib.fr\/osteopathe\/paris\/victoria-andre\" title=\"\" target=\"_self\">Prendre rendez-vous<\/a><\/div>\n<\/div><\/div><\/div><div class=\"wpb_column vc_column_container vc_col-sm-4 vc_col-lg-4 vc_col-md-4 vc_col-xs-12 vc_hidden-xs\" style=\"position:relative\"><div class=\"vc_column-inner\"><div class=\"wpb_wrapper\"><div class=\"imi-spacer \" id=\"imi-spacer-69d6bec2490ca\" data-spacer-id=\"imi-spacer-69d6bec2490ca\" data-spacer-lg=\"\" data-spacer-md=\"\" data-spacer-sm=\"40px\" data-spacer-xs=\"30px\"><\/div>\n\t<div  class=\"wpb_single_image wpb_content_element vc_align_left\">\n\t\t\n\t\t<figure class=\"wpb_wrapper vc_figure\">\n\t\t\t<div class=\"vc_single_image-wrapper   vc_box_border_grey\"><img loading=\"lazy\" decoding=\"async\" width=\"1000\" height=\"1000\" src=\"https:\/\/osteopathe-in-paris.com\/wp-content\/uploads\/2020\/12\/Logo-Andre-Victoria.png\" class=\"vc_single_image-img attachment-full\" alt=\"\" srcset=\"https:\/\/osteopathe-in-paris.com\/wp-content\/uploads\/2020\/12\/Logo-Andre-Victoria.png 1000w, https:\/\/osteopathe-in-paris.com\/wp-content\/uploads\/2020\/12\/Logo-Andre-Victoria-300x300.png 300w, https:\/\/osteopathe-in-paris.com\/wp-content\/uploads\/2020\/12\/Logo-Andre-Victoria-150x150.png 150w, https:\/\/osteopathe-in-paris.com\/wp-content\/uploads\/2020\/12\/Logo-Andre-Victoria-768x768.png 768w, https:\/\/osteopathe-in-paris.com\/wp-content\/uploads\/2020\/12\/Logo-Andre-Victoria-100x100.png 100w, https:\/\/osteopathe-in-paris.com\/wp-content\/uploads\/2020\/12\/Logo-Andre-Victoria-120x120.png 120w, https:\/\/osteopathe-in-paris.com\/wp-content\/uploads\/2020\/12\/Logo-Andre-Victoria-384x384.png 384w\" sizes=\"auto, (max-width: 1000px) 100vw, 1000px\" \/><\/div>\n\t\t<\/figure>\n\t<\/div>\n<\/div><\/div><\/div><div class=\"wpb_column vc_column_container vc_col-sm-12\" style=\"position:relative\"><div class=\"vc_column-inner\"><div class=\"wpb_wrapper\"><div class=\"imi-spacer \" id=\"imi-spacer-69d6bec249b43\" data-spacer-id=\"imi-spacer-69d6bec249b43\" data-spacer-lg=\"160px\" data-spacer-md=\"160px\" data-spacer-sm=\"85px\" data-spacer-xs=\"65px\"><\/div><\/div><\/div><\/div><\/div><div class=\"vc_row-full-width vc_clearfix\"><\/div>\n","protected":false},"excerpt":{"rendered":"Andr\u00e9 Victoria Ost\u00e9opathe \u00e0 Paris 13\u00e8me Prendre rendez-vous","protected":false},"author":1,"featured_media":0,"parent":0,"menu_order":0,"comment_status":"closed","ping_status":"closed","template":"template-onepage.php","meta":{"footnotes":""},"class_list":["post-658","page","type-page","status-publish","hentry"],"yoast_head":"<!-- This site is optimized with the Yoast SEO plugin v26.2 - https:\/\/yoast.com\/wordpress\/plugins\/seo\/ -->\n<title>Accueil | Andr\u00e9 Victoria<\/title>\n<meta name=\"description\" content=\"RDV d&#039;ost\u00e9opathie dans Paris 13\u00e8me. Victoria Andr\u00e9 est ost\u00e9opathe D.O agr\u00e9e. Prise en charge de votre sant\u00e9 et de votre bien \u00eatre. Prise de rendez-vous rapide en ligne ou au 07.87.32.09.89.\" \/>\n<meta name=\"robots\" content=\"index, follow, max-snippet:-1, max-image-preview:large, max-video-preview:-1\" \/>\n<link rel=\"canonical\" href=\"https:\/\/osteopathe-in-paris.com\/\" \/>\n<meta property=\"og:locale\" content=\"fr_FR\" \/>\n<meta property=\"og:type\" content=\"article\" \/>\n<meta property=\"og:title\" content=\"Accueil | Andr\u00e9 Victoria\" \/>\n<meta property=\"og:description\" content=\"RDV d&#039;ost\u00e9opathie dans Paris 13\u00e8me. Victoria Andr\u00e9 est ost\u00e9opathe D.O agr\u00e9e. Prise en charge de votre sant\u00e9 et de votre bien \u00eatre. Prise de rendez-vous rapide en ligne ou au 07.87.32.09.89.\" \/>\n<meta property=\"og:url\" content=\"https:\/\/osteopathe-in-paris.com\/\" \/>\n<meta property=\"og:site_name\" content=\"Andr\u00e9 Victoria\" \/>\n<meta property=\"article:modified_time\" content=\"2025-11-03T16:16:47+00:00\" \/>\n<meta property=\"og:image\" content=\"https:\/\/osteopathe-in-paris.com\/wp-content\/uploads\/2025\/10\/cropped-Logo-Andre-Victoria-1.png\" \/>\n\t<meta property=\"og:image:width\" content=\"512\" \/>\n\t<meta property=\"og:image:height\" content=\"512\" \/>\n\t<meta property=\"og:image:type\" content=\"image\/png\" \/>\n<meta name=\"twitter:card\" content=\"summary_large_image\" \/>\n<meta name=\"twitter:label1\" content=\"Dur\u00e9e de lecture estim\u00e9e\" \/>\n\t<meta name=\"twitter:data1\" content=\"1 minute\" \/>\n<script type=\"application\/ld+json\" class=\"yoast-schema-graph\">{\"@context\":\"https:\/\/schema.org\",\"@graph\":[{\"@type\":\"WebPage\",\"@id\":\"https:\/\/osteopathe-in-paris.com\/\",\"url\":\"https:\/\/osteopathe-in-paris.com\/\",\"name\":\"Accueil | Andr\u00e9 Victoria\",\"isPartOf\":{\"@id\":\"https:\/\/osteopathe-in-paris.com\/#website\"},\"datePublished\":\"2020-04-25T12:26:24+00:00\",\"dateModified\":\"2025-11-03T16:16:47+00:00\",\"description\":\"RDV d'ost\u00e9opathie dans Paris 13\u00e8me. Victoria Andr\u00e9 est ost\u00e9opathe D.O agr\u00e9e. Prise en charge de votre sant\u00e9 et de votre bien \u00eatre. Prise de rendez-vous rapide en ligne ou au 07.87.32.09.89.\",\"breadcrumb\":{\"@id\":\"https:\/\/osteopathe-in-paris.com\/#breadcrumb\"},\"inLanguage\":\"fr-FR\",\"potentialAction\":[{\"@type\":\"ReadAction\",\"target\":[\"https:\/\/osteopathe-in-paris.com\/\"]}]},{\"@type\":\"BreadcrumbList\",\"@id\":\"https:\/\/osteopathe-in-paris.com\/#breadcrumb\",\"itemListElement\":[{\"@type\":\"ListItem\",\"position\":1,\"name\":\"Accueil\",\"item\":\"https:\/\/osteopathe-in-paris.com\/\"},{\"@type\":\"ListItem\",\"position\":2,\"name\":\"Accueil\"}]},{\"@type\":\"WebSite\",\"@id\":\"https:\/\/osteopathe-in-paris.com\/#website\",\"url\":\"https:\/\/osteopathe-in-paris.com\/\",\"name\":\"Andr\u00e9 Victoria Ost\u00e9oapthe\",\"description\":\"Ost\u00e9opathe\",\"publisher\":{\"@id\":\"https:\/\/osteopathe-in-paris.com\/#organization\"},\"potentialAction\":[{\"@type\":\"SearchAction\",\"target\":{\"@type\":\"EntryPoint\",\"urlTemplate\":\"https:\/\/osteopathe-in-paris.com\/?s={search_term_string}\"},\"query-input\":{\"@type\":\"PropertyValueSpecification\",\"valueRequired\":true,\"valueName\":\"search_term_string\"}}],\"inLanguage\":\"fr-FR\"},{\"@type\":\"Organization\",\"@id\":\"https:\/\/osteopathe-in-paris.com\/#organization\",\"name\":\"Andre Victoria Ost\u00e9opathe\",\"url\":\"https:\/\/osteopathe-in-paris.com\/\",\"logo\":{\"@type\":\"ImageObject\",\"inLanguage\":\"fr-FR\",\"@id\":\"https:\/\/osteopathe-in-paris.com\/#\/schema\/logo\/image\/\",\"url\":\"https:\/\/osteopathe-in-paris.com\/wp-content\/uploads\/2020\/12\/Logo-Andre-Victoria.png\",\"contentUrl\":\"https:\/\/osteopathe-in-paris.com\/wp-content\/uploads\/2020\/12\/Logo-Andre-Victoria.png\",\"width\":1000,\"height\":1000,\"caption\":\"Andre Victoria Ost\u00e9opathe\"},\"image\":{\"@id\":\"https:\/\/osteopathe-in-paris.com\/#\/schema\/logo\/image\/\"}}]}<\/script>\n<!-- \/ Yoast SEO plugin. -->","yoast_head_json":{"title":"Accueil | Andr\u00e9 Victoria","description":"RDV d'ost\u00e9opathie dans Paris 13\u00e8me. Victoria Andr\u00e9 est ost\u00e9opathe D.O agr\u00e9e. Prise en charge de votre sant\u00e9 et de votre bien \u00eatre. Prise de rendez-vous rapide en ligne ou au 07.87.32.09.89.","robots":{"index":"index","follow":"follow","max-snippet":"max-snippet:-1","max-image-preview":"max-image-preview:large","max-video-preview":"max-video-preview:-1"},"canonical":"https:\/\/osteopathe-in-paris.com\/","og_locale":"fr_FR","og_type":"article","og_title":"Accueil | Andr\u00e9 Victoria","og_description":"RDV d'ost\u00e9opathie dans Paris 13\u00e8me. Victoria Andr\u00e9 est ost\u00e9opathe D.O agr\u00e9e. Prise en charge de votre sant\u00e9 et de votre bien \u00eatre. Prise de rendez-vous rapide en ligne ou au 07.87.32.09.89.","og_url":"https:\/\/osteopathe-in-paris.com\/","og_site_name":"Andr\u00e9 Victoria","article_modified_time":"2025-11-03T16:16:47+00:00","og_image":[{"width":512,"height":512,"url":"https:\/\/osteopathe-in-paris.com\/wp-content\/uploads\/2025\/10\/cropped-Logo-Andre-Victoria-1.png","type":"image\/png"}],"twitter_card":"summary_large_image","twitter_misc":{"Dur\u00e9e de lecture estim\u00e9e":"1 minute"},"schema":{"@context":"https:\/\/schema.org","@graph":[{"@type":"WebPage","@id":"https:\/\/osteopathe-in-paris.com\/","url":"https:\/\/osteopathe-in-paris.com\/","name":"Accueil | Andr\u00e9 Victoria","isPartOf":{"@id":"https:\/\/osteopathe-in-paris.com\/#website"},"datePublished":"2020-04-25T12:26:24+00:00","dateModified":"2025-11-03T16:16:47+00:00","description":"RDV d'ost\u00e9opathie dans Paris 13\u00e8me. Victoria Andr\u00e9 est ost\u00e9opathe D.O agr\u00e9e. Prise en charge de votre sant\u00e9 et de votre bien \u00eatre. Prise de rendez-vous rapide en ligne ou au 07.87.32.09.89.","breadcrumb":{"@id":"https:\/\/osteopathe-in-paris.com\/#breadcrumb"},"inLanguage":"fr-FR","potentialAction":[{"@type":"ReadAction","target":["https:\/\/osteopathe-in-paris.com\/"]}]},{"@type":"BreadcrumbList","@id":"https:\/\/osteopathe-in-paris.com\/#breadcrumb","itemListElement":[{"@type":"ListItem","position":1,"name":"Accueil","item":"https:\/\/osteopathe-in-paris.com\/"},{"@type":"ListItem","position":2,"name":"Accueil"}]},{"@type":"WebSite","@id":"https:\/\/osteopathe-in-paris.com\/#website","url":"https:\/\/osteopathe-in-paris.com\/","name":"Andr\u00e9 Victoria Ost\u00e9oapthe","description":"Ost\u00e9opathe","publisher":{"@id":"https:\/\/osteopathe-in-paris.com\/#organization"},"potentialAction":[{"@type":"SearchAction","target":{"@type":"EntryPoint","urlTemplate":"https:\/\/osteopathe-in-paris.com\/?s={search_term_string}"},"query-input":{"@type":"PropertyValueSpecification","valueRequired":true,"valueName":"search_term_string"}}],"inLanguage":"fr-FR"},{"@type":"Organization","@id":"https:\/\/osteopathe-in-paris.com\/#organization","name":"Andre Victoria Ost\u00e9opathe","url":"https:\/\/osteopathe-in-paris.com\/","logo":{"@type":"ImageObject","inLanguage":"fr-FR","@id":"https:\/\/osteopathe-in-paris.com\/#\/schema\/logo\/image\/","url":"https:\/\/osteopathe-in-paris.com\/wp-content\/uploads\/2020\/12\/Logo-Andre-Victoria.png","contentUrl":"https:\/\/osteopathe-in-paris.com\/wp-content\/uploads\/2020\/12\/Logo-Andre-Victoria.png","width":1000,"height":1000,"caption":"Andre Victoria Ost\u00e9opathe"},"image":{"@id":"https:\/\/osteopathe-in-paris.com\/#\/schema\/logo\/image\/"}}]}},"_links":{"self":[{"href":"https:\/\/osteopathe-in-paris.com\/index.php\/wp-json\/wp\/v2\/pages\/658","targetHints":{"allow":["GET"]}}],"collection":[{"href":"https:\/\/osteopathe-in-paris.com\/index.php\/wp-json\/wp\/v2\/pages"}],"about":[{"href":"https:\/\/osteopathe-in-paris.com\/index.php\/wp-json\/wp\/v2\/types\/page"}],"author":[{"embeddable":true,"href":"https:\/\/osteopathe-in-paris.com\/index.php\/wp-json\/wp\/v2\/users\/1"}],"replies":[{"embeddable":true,"href":"https:\/\/osteopathe-in-paris.com\/index.php\/wp-json\/wp\/v2\/comments?post=658"}],"version-history":[{"count":52,"href":"https:\/\/osteopathe-in-paris.com\/index.php\/wp-json\/wp\/v2\/pages\/658\/revisions"}],"predecessor-version":[{"id":977,"href":"https:\/\/osteopathe-in-paris.com\/index.php\/wp-json\/wp\/v2\/pages\/658\/revisions\/977"}],"wp:attachment":[{"href":"https:\/\/osteopathe-in-paris.com\/index.php\/wp-json\/wp\/v2\/media?parent=658"}],"curies":[{"name":"wp","href":"https:\/\/api.w.org\/{rel}","templated":true}]}}